{"id":3,"date":"2025-03-28T23:10:26","date_gmt":"2025-03-28T23:10:26","guid":{"rendered":"https:\/\/clinicamensanaterapias.com.br\/?page_id=3"},"modified":"2025-04-16T21:55:41","modified_gmt":"2025-04-16T21:55:41","slug":"politica-de-privacidade","status":"publish","type":"page","link":"https:\/\/clinicamensanaterapias.com.br\/index.php\/politica-de-privacidade\/","title":{"rendered":"politica de privacidade"},"content":{"rendered":"\t\t<div data-elementor-type=\"wp-page\" data-elementor-id=\"3\" class=\"elementor elementor-3\">\n\t\t\t\t<div class=\"elementor-element elementor-element-27f08036 e-flex e-con-boxed e-con e-parent\" data-id=\"27f08036\" data-element_type=\"container\">\n\t\t\t\t\t<div class=\"e-con-inner\">\n\t\t\t\t<div class=\"elementor-element elementor-element-689a92df elementor-widget elementor-widget-text-editor\" data-id=\"689a92df\" data-element_type=\"widget\" data-widget_type=\"text-editor.default\">\n\t\t\t\t<div class=\"elementor-widget-container\">\n\t\t\t\t\t\t\t\t\t\n<p>A Cl\u00ednica Mensana Terapias est\u00e1 ciente de que a seguran\u00e7a de suas informa\u00e7\u00f5es privadas, a partir do uso em nosso website, \u00e9 uma quest\u00e3o importante.<\/p>\n<p>N\u00f3s consideramos a prote\u00e7\u00e3o de seus dados pessoais com total seriedade. O que voc\u00ea vai encontrar aqui\u2026<\/p>\n<p>1) Quem somos<\/p>\n<p>Esta p\u00e1gina de pol\u00edtica de privacidade explica quem somos, como coletamos, compartilhamos e usamos as Informa\u00e7\u00f5es Pessoais e como voc\u00ea pode exercer seus direitos de privacidade.<\/p>\n<p>Recomendamos fortemente que voc\u00ea leia essa Pol\u00edtica de Privacidade por completo para garantir a sua m\u00e1xima informa\u00e7\u00e3o. Para facilitar, essa p\u00e1gina est\u00e1 dividida em se\u00e7\u00f5es numeradas.<\/p>\n<p>Ao usar nossos servi\u00e7os, voc\u00ea concorda com a coleta e uso de informa\u00e7\u00f5es de acordo com esta pol\u00edtica.<\/p>\n<p>Os dados que coletamos somente ser\u00e3o utilizados a fim de lhe fornecer os produtos ou servi\u00e7os requisitados, ou para outro prop\u00f3sito para o qual voc\u00ea tenha consentido, exceto quando requisitado por lei.<\/p>\n<p>1.1) Vis\u00e3o Geral<\/p>\n<p>Este website \u00e9 voltado para o ensino e promo\u00e7\u00e3o dos servi\u00e7os de consultoria e gest\u00e3o de tr\u00e1fego prestados pela Gestor de Tr\u00e1fego Bruno. Nosso endere\u00e7o oficial \u00e9: https:\/\/clinicamensanaterapias.com.br\/index.php\/home\/<\/p>\n<p>1.2) Terminologias<\/p>\n<p>Usaremos alguns termos durante a nossa Pol\u00edtica de Privacidade. Voc\u00ea pode conferir aqui o significado de cada um.<\/p>\n<p>Website (s): significa qualquer site (s) que possu\u00edmos e operamos e que fazem refer\u00eancia para essa Pol\u00edtica de Privacidade.<\/p>\n<p>Informa\u00e7\u00f5es Pessoais ou dados: significa qualquer informa\u00e7\u00e3o que identifique ou possa ser usada para identificar um usu\u00e1rio, direta ou indiretamente. Exemplos: nome, sobrenome, telefone, whatsapp, e-mail, IP, cookies, etc.<\/p>\n<p>Contato: \u00e9 uma pessoa que podemos contatar atrav\u00e9s de nossos servi\u00e7os.<\/p>\n<p>Usu\u00e1rio: significa qualquer pessoa ou entidade que seja um Membro ou Visitante.<\/p>\n<p>Membro: significa qualquer pessoa ou entidade que esteja registrada conosco para usar os Servi\u00e7os como Cliente.<\/p>\n<p>Visitante: significa qualquer pessoa que visite algum dos nossos websites.<\/p>\n<p>Voc\u00ea: significa dependendo do contexto, um membro ou um visitante.<\/p>\n<p>2) Coleta e processamento de dados pessoais:<\/p>\n<p>Voc\u00ea pode navegar em nosso website sem divulgar seus dados pessoais. Voc\u00ea n\u00e3o precisa fornecer informa\u00e7\u00f5es pessoais, como condi\u00e7\u00e3o de uso de navega\u00e7\u00e3o em nosso site, exceto, se necess\u00e1rio para lhe fornecer um produto ou servi\u00e7o a seu pedido, ou no caso de submiss\u00e3o espont\u00e2nea de seu e-mail para recebimento de e-mail marketing. Entretanto, no caso de envio de e-mail marketing o mesmo poder\u00e1 ser cancelado em qualquer momento, de modo a negativar o recebimento de mensagens.<\/p>\n<p>N\u00f3s coletamos dados pessoais somente quando eles nos s\u00e3o fornecidos por voc\u00ea atrav\u00e9s de registro, preenchimento de formul\u00e1rios ou e-mails, como parte de um pedido de produtos ou servi\u00e7os, ou d\u00favidas ou requisi\u00e7\u00f5es de materiais sendo pedidos, e em situa\u00e7\u00f5es afins nas quais voc\u00ea optou por nos fornecer informa\u00e7\u00f5es. A base de dados e seus conte\u00fados permanecem em nossa empresa e ficam em nossos processadores de dados ou servidores agindo em nosso nome ou sob nossa responsabilidade. Seus dados pessoais jamais ser\u00e3o passados por n\u00f3s ou por nossos agentes para uso por terceiros.N\u00f3s manteremos controle e responsabilidade sobre o uso de qualquer dado pessoal que voc\u00ea nos fornecer.<\/p>\n<p>2.1) Cookies e Tecnologias semelhantes<\/p>\n<p>2.1.1) Vis\u00e3o Geral<\/p>\n<p>Usamos cookies e tecnologias de rastreamento semelhantes para rastrear a atividade em nossos servi\u00e7os e manter certas informa\u00e7\u00f5es.<\/p>\n<p>Cookies s\u00e3o arquivos com pequena quantidade de dados que podem incluir um identificador exclusivo an\u00f4nimo. Os cookies s\u00e3o enviados para o seu navegador a partir de um site e armazenados no seu dispositivo. As tecnologias de rastreamento tamb\u00e9m usadas s\u00e3o beacons, tags e scripts para coletar e rastrear informa\u00e7\u00f5es e para melhorar e analisar nosso Servi\u00e7o.<\/p>\n<p>Voc\u00ea pode instruir o seu navegador para recusar todos os cookies ou para indicar quando um cookie est\u00e1 sendo enviado (consulte a documenta\u00e7\u00e3o\/suporte do seu navegador em caso de d\u00favidas).No entanto, se voc\u00ea n\u00e3o aceitar cookies, talvez n\u00e3o consiga usar algumas partes de nossos Servi\u00e7os.<\/p>\n<p>2.1.2) Classifica\u00e7\u00e3o dos Cookies servidos atrav\u00e9s dos nossos Websites<\/p>\n<p>Cookies Essenciais: s\u00e3o extremamente necess\u00e1rios para assegurar que os nossos servi\u00e7os sejam oferecidos corretamente, como o acesso a \u00e1reas seguras. Caso voc\u00ea os recuse, nossos websites ter\u00e3o o funcionamento afetado negativamente.<\/p>\n<p>Cookies de Performance: s\u00e3o importantes para otimizar o desempenho dos nossos servi\u00e7os, como a implementa\u00e7\u00e3o de cache.<\/p>\n<p>Cookies de An\u00e1lise e Personaliza\u00e7\u00e3o: s\u00e3o utilizados para nos ajudar a entender e monitorar como os nossos servi\u00e7os est\u00e3o sendo utilizados, como o desempenho de campanhas de Marketing.<\/p>\n<p>Cookies de publicidade: s\u00e3o utilizados para que seja exibido publicidades relevantes e de interesse de cada usu\u00e1rio em particular.<\/p>\n<p>2.1.3) Coment\u00e1rios<\/p>\n<p>Ao deixar um coment\u00e1rio em nossos Websites, voc\u00ea poder\u00e1 optar por salvar seu nome, e-mail e site nos cookies. Isso visa seu conforto, assim voc\u00ea n\u00e3o precisar\u00e1 preencher seus dados novamente quando fizer outro coment\u00e1rio. Estes cookies duram um ano.<\/p>\n<p>2.1.4) Membros<\/p>\n<p>Se voc\u00ea tem uma conta e acessa este Website, um cookie tempor\u00e1rio ser\u00e1 criado para determinar se seu navegador aceita cookies. Ele n\u00e3o cont\u00e9m nenhum dado pessoal e ser\u00e1 descartado quando voc\u00ea fechar seu navegador.<\/p>\n<p>Quando voc\u00ea acessa sua conta no Website, tamb\u00e9m criamos v\u00e1rios cookies para salvar os dados da sua conta e suas escolhas de exibi\u00e7\u00e3o de tela. Cookies de login s\u00e3o mantidos por dois dias e cookies de op\u00e7\u00f5es de tela por um ano. Se voc\u00ea selecionar \u201cLembrar-me\u201d, seu acesso ser\u00e1 mantido por duas semanas. Se voc\u00ea se desconectar da sua conta, os cookies de login ser\u00e3o removidos.<\/p>\n<p>Se voc\u00ea editar ou publicar um artigo, um cookie adicional ser\u00e1 salvo no seu navegador. Este cookie n\u00e3o inclui nenhum dado pessoal e simplesmente indica o ID do post referente ao artigo que voc\u00ea acabou de editar. Ele expira depois de 1 dia.<\/p>\n<p>2.2) Coment\u00e1rios<\/p>\n<p>Quando os usu\u00e1rios deixam coment\u00e1rios nos nossos Websites, coletamos os dados mostrados no formul\u00e1rio de coment\u00e1rios, al\u00e9m do endere\u00e7o de IP e de dados do navegador do visitante, para auxiliar na detec\u00e7\u00e3o de spam.<\/p>\n<p>Uma sequ\u00eancia anonimizada de caracteres criada a partir do seu e-mail (tamb\u00e9m chamada de hash) poder\u00e1 ser enviada para o Gravatar para verificar se voc\u00ea usa o servi\u00e7o. A pol\u00edtica de privacidade do Gravatar est\u00e1 dispon\u00edvel aqui: https:\/\/automattic.com\/privacy\/. Depois da aprova\u00e7\u00e3o do seu coment\u00e1rio, a foto do seu perfil fica vis\u00edvel publicamente junto de seu coment\u00e1rio.<\/p>\n<p>2.3) M\u00eddia<\/p>\n<p>Se voc\u00ea envia imagens para os nossos Websites, evite enviar as que contenham dados de localiza\u00e7\u00e3o incorporados (EXIF GPS). Visitantes podem baixar estas imagens e extrair delas seus dados de localiza\u00e7\u00e3o.<\/p>\n<p>2.4) Formul\u00e1rios de Contato<\/p>\n<p>Usamos o plugin WP Forms para gerenciar envios de formul\u00e1rios de contato. As informa\u00e7\u00f5es s\u00e3o enviadas como mensagens de e-mail que somente algumas poucas pessoas podem acessar. As informa\u00e7\u00f5es tamb\u00e9m s\u00e3o armazenadas no banco de dados em nosso servidor de hospedagem para fins de backup e refer\u00eancia posterior.<\/p>\n<p>2.5) Formul\u00e1rios de Captura de Contato<\/p>\n<p>Usamos formul\u00e1rios espec\u00edficos para captura de Contato. Esses formul\u00e1rios s\u00e3o integrados com os servi\u00e7os de E-mail Marketing Mailchimp e egoi, respons\u00e1veis por armazenar todos os contatos. Coletamos essa informa\u00e7\u00e3o para que mais tarde possamos enviar para voc\u00ea coisas como:<\/p>\n<p>Dicas;<\/p>\n<p>Recompensas (E-books, cursos, etc.);<\/p>\n<p>Informa\u00e7\u00f5es sobre Suporte;<\/p>\n<p>Divulga\u00e7\u00e3o de Produtos ou Servi\u00e7os;<\/p>\n<p>Pedido de Feedback;<\/p>\n<p>2.6) M\u00eddia incorporada de outros Websites<\/p>\n<p>Artigos neste Website podem incluir conte\u00fado incorporado como, por exemplo, v\u00eddeos, imagens, artigos, etc. Conte\u00fados incorporados de outros sites se comportam exatamente da mesma forma como se o visitante estivesse visitando o outro site.<\/p>\n<p>Estes sites podem coletar dados sobre voc\u00ea, usar cookies, incorporar rastreamento adicional de terceiros e monitorar sua intera\u00e7\u00e3o com este conte\u00fado incorporado, incluindo sua intera\u00e7\u00e3o com o conte\u00fado incorporado se voc\u00ea tem uma conta e est\u00e1 conectado com o site.<\/p>\n<p>2.7) An\u00e1lises<\/p>\n<p>A Hostgator \u00e9 nosso provedor de Hospedagem. Eles podem coletar informa\u00e7\u00f5es pessoais an\u00f4nimas para auxiliar na an\u00e1lise de estat\u00edsticas de acesso por exemplo.<\/p>\n<p>Saiba mais em: https:\/\/www.hostgator.com.br\/politica-de-privacidade<\/p>\n<p>3) Com quem partilhamos seus dados<\/p>\n<p>Tamb\u00e9m podemos coletar informa\u00e7\u00f5es sobre como nossos servi\u00e7os s\u00e3o acessados. Esses Dados de Uso podem incluir informa\u00e7\u00f5es como o endere\u00e7o IP do seu computador, tipo de navegador, vers\u00e3o do navegador, as p\u00e1ginas do nosso Servi\u00e7o que voc\u00ea visita, a hora e data de sua visita, o tempo gasto nessas p\u00e1ginas identificadores de dispositivos e outros dados de diagn\u00f3stico.<\/p>\n<p>Podemos compartilhar e divulgar suas informa\u00e7\u00f5es pessoais para os seguintes tipos de terceiros:<\/p>\n<p>Nossos provedores de servi\u00e7os: nos ajudam a fornecer e oferecer suporte aos nossos Servi\u00e7os e outras fun\u00e7\u00f5es relacionadas aos neg\u00f3cios.<\/p>\n<p>Parceiros publicit\u00e1rios: podemos coletar informa\u00e7\u00f5es sobre suas atividades em nossos websites, a fim de fornecer publicidade direcionada com base em suas atividades e interesses de navega\u00e7\u00e3o.<\/p>\n<p>Qualquer \u00f3rg\u00e3o de cumprimento da lei competente.<\/p>\n<p>Um comprador em potencial: no caso de uma reorganiza\u00e7\u00e3o ou aquisi\u00e7\u00e3o de nossos servi\u00e7os.<\/p>\n<p>Qualquer outra pessoa com o seu consentimento.<\/p>\n<p>4) Por quanto tempo mantemos os seus dados<\/p>\n<p>N\u00f3s s\u00f3 manteremos dados pessoais pelo tempo que nos for necess\u00e1rio para prestar um servi\u00e7o que voc\u00ea requisitou ou aqueles para os quais voc\u00ea tenha nos dado seu consentimento, exceto quando exigido de outra forma pela lei (ex. em conex\u00e3o com um lit\u00edgio pendente).<\/p>\n<p>Se voc\u00ea deixar um coment\u00e1rio, o coment\u00e1rio e os seus metadados s\u00e3o conservados indefinidamente. Fazemos isso para que seja poss\u00edvel reconhecer e aprovar automaticamente qualquer coment\u00e1rio posterior ao inv\u00e9s de ret\u00ea-lo para modera\u00e7\u00e3o.<\/p>\n<p>Para usu\u00e1rios que se registram nos nossos Websites (se houver), tamb\u00e9m guardamos as informa\u00e7\u00f5es pessoais que fornecem no seu perfil de usu\u00e1rio. Todos os usu\u00e1rios podem ver, editar ou excluir suas informa\u00e7\u00f5es pessoais a qualquer momento (s\u00f3 n\u00e3o \u00e9 poss\u00edvel alterar o seu username, e-mail ou chaves de licen\u00e7as dependo do nosso servi\u00e7o). Os administradores dos Websites tamb\u00e9m podem ver e editar estas informa\u00e7\u00f5es.<\/p>\n<p>5) Quais os seus direitos sobre seus dados<\/p>\n<p>Se voc\u00ea deixar um coment\u00e1rio, o coment\u00e1rio e os seus metadados s\u00e3o conservados indefinidamente. Fazemos isso para que seja poss\u00edvel reconhecer e aprovar automaticamente qualquer coment\u00e1rio posterior ao inv\u00e9s de ret\u00ea-lo para modera\u00e7\u00e3o.<\/p>\n<p>Para usu\u00e1rios que se registram nos nossos Websites (se houver), tamb\u00e9m guardamos as informa\u00e7\u00f5es pessoais que fornecem no seu perfil de usu\u00e1rio. Todos os usu\u00e1rios podem ver, editar ou excluir suas informa\u00e7\u00f5es pessoais a qualquer momento (s\u00f3 n\u00e3o \u00e9 poss\u00edvel alterar o seu username, e-mail ou chaves de licen\u00e7as dependo do nosso servi\u00e7o). Os administradores dos Websites tamb\u00e9m podem ver e editar estas informa\u00e7\u00f5es.<\/p>\n<p>6) Para onde enviamos seus dados<\/p>\n<p>Suas informa\u00e7\u00f5es pessoais, podem ser transferidas para \u2013 e mantidas em \u2013 computadores localizados fora do seu estado, prov\u00edncia, pa\u00eds ou outra jurisdi\u00e7\u00e3o governamental, onde as leis de prote\u00e7\u00e3o de dados podem ser diferentes das da sua jurisdi\u00e7\u00e3o.<\/p>\n<p>Se voc\u00ea estiver localizado fora do Brasil e optar por nos fornecer informa\u00e7\u00f5es, observe que transferimos os dados para o Brasil e os processamos l\u00e1.<\/p>\n<p>O seu consentimento para com esta Pol\u00edtica de Privacidade, seguido pelo envio de tais informa\u00e7\u00f5es, representa sua concord\u00e2ncia com essa transfer\u00eancia.<\/p>\n<p>N\u00f3s tomaremos todas as medidas razoavelmente necess\u00e1rias para garantir que seus dados sejam tratados de forma segura e de acordo com esta Pol\u00edtica de Privacidade e nenhuma transfer\u00eancia de suas informa\u00e7\u00f5es pessoais ser\u00e1 realizada para uma organiza\u00e7\u00e3o ou pa\u00eds, a menos que haja controles adequados em vigor, incluindo a seguran\u00e7a dos dados.<\/p>\n<p>7) Informa\u00e7\u00f5es adicionais<\/p>\n<p>7.1) Como protegemos seus dados<\/p>\n<p>A seguran\u00e7a dos seus dados \u00e9 importante para n\u00f3s, mas lembre-se de que nenhum m\u00e9todo de transmiss\u00e3o pela Internet ou m\u00e9todo de armazenamento eletr\u00f4nico \u00e9 100% seguro. Embora nos esforcemos para usar meios comercialmente aceit\u00e1veis para proteger seus dados pessoais, n\u00e3o podemos garantir sua seguran\u00e7a absoluta.<\/p>\n<p>Nossos Websites utilizam criptografia SSL (HTTPS) de ponta a ponta durante a comunica\u00e7\u00e3o Servidor e Usu\u00e1rio e vice e versa.<\/p>\n<p>Adotamos plugins de seguran\u00e7a bastante reconhecidos no mercado. Eles oferecem servi\u00e7os extremamente eficazes no combate aos principais tipos de ataques, como: Spam, Brute Force, SQL Injection, Malware e V\u00edrus.<\/p>\n<p>A maioria dos nossos Websites utilizam o WordPress. A comunidade do mesmo \u00e9 gigantesca e sempre est\u00e1 lan\u00e7ando novas atualiza\u00e7\u00f5es de seguran\u00e7a.<\/p>\n<p>7.2) Quais s\u00e3o nossos procedimentos contra viola\u00e7\u00e3o de dados<\/p>\n<p>Tentaremos na medida do poss\u00edvel solucionar os problemas que possam decorrer com viola\u00e7\u00e3o de informa\u00e7\u00f5es pessoais de nosso usu\u00e1rios.<\/p>\n<p>Tamb\u00e9m ser\u00e1 informado publicamente, quais os dados que foram vazados, quem foi afetado, quem foi o respons\u00e1vel (se identificado) e medidas de preven\u00e7\u00e3o.<\/p>\n<p>Se a viola\u00e7\u00e3o aconteceu nos servi\u00e7os de terceiros que n\u00f3s utilizamos, a responsabilidade por problemas s\u00e3o exclusivamente deles, mas ainda sim manteremos uma comunica\u00e7\u00e3o transparente.<\/p>\n<p>7.3) Links para outros sites<\/p>\n<p>Nosso Servi\u00e7o pode conter links para outros sites que n\u00e3o s\u00e3o operados por n\u00f3s. Se voc\u00ea clicar em um link de terceiros, voc\u00ea ser\u00e1 direcionado para o site de terceiros. Recomendamos fortemente que reveja a Pol\u00edtica de Privacidade de todos os sites que visita.<\/p>\n<p>N\u00e3o temos controle e n\u00e3o assumimos nenhuma responsabilidade pelo conte\u00fado, pol\u00edticas de privacidade ou pr\u00e1ticas de quaisquer sites ou servi\u00e7os de terceiros.<\/p>\n<p>\u200b8) Pol\u00edtica de Privacidade de Terceiros<\/p>\n<p>Confira abaixo a pol\u00edtica de privacidade de terceiros com o qual os nossos Websites mant\u00e9m servi\u00e7os. Vale ressaltar que alguns deles gravam cookies e tecnologias semelhantes no seu navegador.<\/p>\n<p>Google, YouTube<\/p>\n<p>Facebook<\/p>\n<p>Instagram<\/p>\n<p>JivoChat<\/p>\n<p>9) Altera\u00e7\u00f5es desta pol\u00edtica<\/p>\n<p>Podemos atualizar nossa Pol\u00edtica de Privacidade de tempos em tempos. Vamos notific\u00e1-lo de quaisquer altera\u00e7\u00f5es, publicando a nova Pol\u00edtica de Privacidade nesta p\u00e1gina.<\/p>\n<p>Caso voc\u00ea seja um Membro, avisaremos por e-mail sobre modifica\u00e7\u00f5es nesta pol\u00edtica antes que a altera\u00e7\u00e3o entre em vigor e atualize a \u201cdata efetiva\u201d na parte superior desta Pol\u00edtica de Privacidade.<\/p>\n<p>Recomenda-se que voc\u00ea revise esta Pol\u00edtica de Privacidade periodicamente para quaisquer altera\u00e7\u00f5es, principalmente se voc\u00ea for somente um visitante. Altera\u00e7\u00f5es a esta Pol\u00edtica de Privacidade s\u00e3o eficazes quando s\u00e3o publicadas nesta p\u00e1gina.<\/p>\n<p>10) Informa\u00e7\u00f5es de contato<\/p>\n<p>Caso ainda possua d\u00favidas sobre a nossa Pol\u00edtica de Privacidade, entre em contato conosco.<\/p>\n<p>contato@clinicamensanaterapias.com.br<\/p>\n<p>Tel: +55 21 97090-6557\u00a0<\/p>\t\t\t\t\t\t\t\t<\/div>\n\t\t\t\t<\/div>\n\t\t\t\t\t<\/div>\n\t\t\t\t<\/div>\n\t\t\t\t<\/div>\n\t\t","protected":false},"excerpt":{"rendered":"<p>A Cl\u00ednica Mensana Terapias est\u00e1 ciente de que a seguran\u00e7a de suas informa\u00e7\u00f5es privadas, a partir do uso em nosso website, \u00e9 uma quest\u00e3o importante. N\u00f3s consideramos a prote\u00e7\u00e3o de seus dados pessoais com total seriedade. O que voc\u00ea vai encontrar aqui\u2026 1) Quem somos Esta p\u00e1gina de pol\u00edtica de privacidade explica quem somos, como [&hellip;]<\/p>\n","protected":false},"author":1,"featured_media":0,"parent":0,"menu_order":0,"comment_status":"closed","ping_status":"open","template":"elementor_canvas","meta":{"footnotes":""},"class_list":["post-3","page","type-page","status-publish","hentry"],"_links":{"self":[{"href":"https:\/\/clinicamensanaterapias.com.br\/index.php\/wp-json\/wp\/v2\/pages\/3","targetHints":{"allow":["GET"]}}],"collection":[{"href":"https:\/\/clinicamensanaterapias.com.br\/index.php\/wp-json\/wp\/v2\/pages"}],"about":[{"href":"https:\/\/clinicamensanaterapias.com.br\/index.php\/wp-json\/wp\/v2\/types\/page"}],"author":[{"embeddable":true,"href":"https:\/\/clinicamensanaterapias.com.br\/index.php\/wp-json\/wp\/v2\/users\/1"}],"replies":[{"embeddable":true,"href":"https:\/\/clinicamensanaterapias.com.br\/index.php\/wp-json\/wp\/v2\/comments?post=3"}],"version-history":[{"count":6,"href":"https:\/\/clinicamensanaterapias.com.br\/index.php\/wp-json\/wp\/v2\/pages\/3\/revisions"}],"predecessor-version":[{"id":259,"href":"https:\/\/clinicamensanaterapias.com.br\/index.php\/wp-json\/wp\/v2\/pages\/3\/revisions\/259"}],"wp:attachment":[{"href":"https:\/\/clinicamensanaterapias.com.br\/index.php\/wp-json\/wp\/v2\/media?parent=3"}],"curies":[{"name":"wp","href":"https:\/\/api.w.org\/{rel}","templated":true}]}}